{"id":1324,"date":"2024-06-01T10:33:13","date_gmt":"2024-06-01T10:33:13","guid":{"rendered":"http:\/\/31.217.192.169\/~toimiva2\/?page_id=1324"},"modified":"2024-06-02T12:44:34","modified_gmt":"2024-06-02T12:44:34","slug":"yrityksesta","status":"publish","type":"page","link":"http:\/\/31.217.192.169\/~toimiva2\/yrityksesta\/","title":{"rendered":"Yrityksest\u00e4"},"content":{"rendered":"\n<div class=\"wp-block-uagb-container uagb-block-3ad17e27 alignfull uagb-is-root-container\"><div class=\"uagb-container-inner-blocks-wrap\">\n<div class=\"wp-block-uagb-advanced-heading uagb-block-8a1eebc0\"><\/div>\n<\/div><\/div>\n\n\n\n<div class=\"wp-block-uagb-container uagb-block-f8ec2bd3 alignfull uagb-is-root-container\"><div class=\"uagb-container-inner-blocks-wrap\">\n<div class=\"wp-block-uagb-advanced-heading uagb-block-e874992d\"><h2 class=\"uagb-heading-text\">Tmi Toimivat Tassut on vuonna 2018 perustettu toiminimi, joka tarjoaa koirien ja koirakoiden valmennus- ja hyvinvointipalveluita. <\/h2><\/div>\n\n\n\n<div class=\"wp-block-uagb-container uagb-block-72514f6d\">\n<div class=\"wp-block-uagb-info-box uagb-block-43b20c20 uagb-infobox__content-wrap  uagb-infobox-icon-above-title uagb-infobox-image-valign-top\"><div class=\"uagb-ifb-content\"><div class=\"uagb-ifb-title-wrap\"><\/div><p class=\"uagb-ifb-desc\">P\u00e4\u00e4asiallinen toimipiste on Siilinj\u00e4rven Toivalassa sijaitseva Koiraurheilukeskus SAVO, mutta kierr\u00e4n kuukausittain valmentamassa ymp\u00e4ri Suomea.<br><br>Yritt\u00e4j\u00e4 toiminimen takana olen min\u00e4, Laura Sutinen. El\u00e4imi\u00e4 minulla on ollut aina, mutta varsinaisten koiraharrastusten pariin eksyin vahingossa vuonna 2010. My\u00f6s mieheni innostui agilitysta ja lajista tuli yhteinen harrastus. Hyvin nopeasti ajauduin perheen koirien treenaamisen lis\u00e4ksi valmentamaan my\u00f6s muita.<br><br>Omat koiramme ovat muokanneet omia kiinnostuksen kohteitani. Ydinosaamistani ovat agilityvalmennus, koirien hyppytekniikkakoulutus sek\u00e4 urheilukoirien fysiikkavalmennus. Olen suorittanut urheilukoirahierojan- sek\u00e4 pienel\u00e4inten fasciamanipulaatio -tutkinnot ja jos kalenterista tilaa l\u00f6ytyy, hoidan edelleen my\u00f6s asiakkaiden koiria omieni lis\u00e4ksi. Olen utelias ja haluan koko ajan oppia uutta ja pyrin kehitt\u00e4m\u00e4\u00e4n itse\u00e4ni urheiluvalmentamisen sek\u00e4 el\u00e4inten kouluttamisen ett\u00e4 agilityn lajiosaamisen saralla.<br><br>Valmennettavani kuvaavat minua intohimoiseksi, positiiviseksi, vaativaksi ja tarkaksi valmentajaksi. Olen kouluttautunut ja toiminut valmentajana muissa urheilulajeissa ja t\u00e4m\u00e4 n\u00e4kyy valmennuksessani. Koirien hyvinvointi on minulle keskeinen arvo. Haluan rakentaa harjoitukset aina niin, ett\u00e4 todenn\u00e4k\u00f6isyys onnistumiseen on suuri enk\u00e4 halua pyyt\u00e4\u00e4 sellaista, mihin koira ei viel\u00e4 ole valmis &#8211; aina yksil\u00f6iden ehdoilla.<br><br>Rakastan pentuja ja pohjataitojen rakentamista, samoin pikku tarkkaa taitojen viilaamista sek\u00e4 suorituskyvyn \u00e4\u00e4rimm\u00e4ist\u00e4 optimointia. Valmennuksiini ovat tervetulleita kaikki tasosta ja tavoitteista riippumatta &#8211; jos tavoite on pit\u00e4\u00e4 hauskaa, keskityt\u00e4\u00e4n siihen. Jos taas edet\u00e4 kohti kansallista k\u00e4rke\u00e4, hiotaan timanttia.<\/p><\/div><\/div>\n<\/div>\n<\/div><\/div>\n\n\n\n<div class=\"wp-block-uagb-container uagb-block-61e8ac2a alignfull uagb-is-root-container\"><div class=\"uagb-container-inner-blocks-wrap\">\n<div class=\"wp-block-uagb-testimonial uagb-slick-carousel uagb-tm__arrow-outside uagb-block-44f328a1 uagb-post__carousel_notset uagb-post__carousel_notset-tablet uagb-post__carousel_notset-mobile\"><div class=\"is-carousel uagb-tm__columns-1 uagb-tm__items\"><div class=\"uagb-testimonial__wrap  uagb-tm__imgicon-style-circle uagb-tm__image-position-bottom uagb-tm__bg-type-none \"><div class=\"uagb-tm__content\"><div class=\"uagb-tm__overlay\"><\/div><div class=\"uagb-tm__text-wrap\"><div class=\"uagb-tm__desc\">\u201cJa muista &#8211; sen pit\u00e4\u00e4 tuntua hyv\u00e4lt\u00e4. Niin kauan kuin koiraurheilussa toinen osapuoli on el\u00e4v\u00e4, ajatteleva ja tunteva, on t\u00e4rke\u00e4\u00e4 ettei tavoite pyhit\u00e4 keinoja.\u201d<\/div><div class=\"uagb-tm__meta-inner\"><div class=\"uagb-tm__image-content\"><div class=\"uagb-tm__image\"><img decoding=\"async\" class=\"uagb-tm-img-src\" src=\"http:\/\/31.217.192.169\/~toimiva2\/wp-content\/uploads\/2024\/06\/toimivattassut-10-150x150.jpg\" alt=\"\" width=\"60\" height=\"60\" loading=\"lazy\"\/><\/div><\/div><div class=\"uagb-testimonial-details\"><span class=\"uagb-tm__author-name\">Laura Sutinen<\/span><span class=\"uagb-tm__company\">Yritt\u00e4j\u00e4, valmentaja<\/span><\/div><\/div><\/div><\/div><\/div><\/div><\/div>\n<\/div><\/div>\n","protected":false},"excerpt":{"rendered":"<p>Tmi Toimivat Tassut on vuonna 2018 perustettu toiminimi, joka tarjoaa koirien ja koirakoiden valmennus- ja hyvinvointipalveluita.<\/p>\n","protected":false},"author":1,"featured_media":0,"parent":0,"menu_order":0,"comment_status":"closed","ping_status":"closed","template":"","meta":{"_uag_custom_page_level_css":"","site-sidebar-layout":"no-sidebar","site-content-layout":"page-builder","ast-site-content-layout":"full-width-container","site-content-style":"unboxed","site-sidebar-style":"default","ast-global-header-display":"","ast-banner-title-visibility":"","ast-main-header-display":"","ast-hfb-above-header-display":"","ast-hfb-below-header-display":"","ast-hfb-mobile-header-display":"","site-post-title":"disabled","ast-breadcrumbs-content":"","ast-featured-img":"disabled","footer-sml-layout":"","ast-disable-related-posts":"","theme-transparent-header-meta":"enabled","adv-header-id-meta":"","stick-header-meta":"","header-above-stick-meta":"","header-main-stick-meta":"","header-below-stick-meta":"","astra-migrate-meta-layouts":"set","ast-page-background-enabled":"default","ast-page-background-meta":{"desktop":{"background-color":"var(--ast-global-color-4)","background-image":"","background-repeat":"repeat","background-position":"center center","background-size":"auto","background-attachment":"scroll","background-type":"","background-media":"","overlay-type":"","overlay-color":"","overlay-opacity":"","overlay-gradient":""},"tablet":{"background-color":"","background-image":"","background-repeat":"repeat","background-position":"center center","background-size":"auto","background-attachment":"scroll","background-type":"","background-media":"","overlay-type":"","overlay-color":"","overlay-opacity":"","overlay-gradient":""},"mobile":{"background-color":"","background-image":"","background-repeat":"repeat","background-position":"center center","background-size":"auto","background-attachment":"scroll","background-type":"","background-media":"","overlay-type":"","overlay-color":"","overlay-opacity":"","overlay-gradient":""}},"ast-content-background-meta":{"desktop":{"background-color":"var(--ast-global-color-5)","background-image":"","background-repeat":"repeat","background-position":"center center","background-size":"auto","background-attachment":"scroll","background-type":"","background-media":"","overlay-type":"","overlay-color":"","overlay-opacity":"","overlay-gradient":""},"tablet":{"background-color":"var(--ast-global-color-5)","background-image":"","background-repeat":"repeat","background-position":"center center","background-size":"auto","background-attachment":"scroll","background-type":"","background-media":"","overlay-type":"","overlay-color":"","overlay-opacity":"","overlay-gradient":""},"mobile":{"background-color":"var(--ast-global-color-5)","background-image":"","background-repeat":"repeat","background-position":"center center","background-size":"auto","background-attachment":"scroll","background-type":"","background-media":"","overlay-type":"","overlay-color":"","overlay-opacity":"","overlay-gradient":""}},"footnotes":""},"class_list":["post-1324","page","type-page","status-publish","hentry"],"uagb_featured_image_src":{"full":false,"thumbnail":false,"medium":false,"medium_large":false,"large":false,"1536x1536":false,"2048x2048":false},"uagb_author_info":{"display_name":"admin","author_link":"http:\/\/31.217.192.169\/~toimiva2\/author\/admin\/"},"uagb_comment_info":0,"uagb_excerpt":"Tmi Toimivat Tassut on vuonna 2018 perustettu toiminimi, joka tarjoaa koirien ja koirakoiden valmennus- ja hyvinvointipalveluita.","_links":{"self":[{"href":"http:\/\/31.217.192.169\/~toimiva2\/wp-json\/wp\/v2\/pages\/1324","targetHints":{"allow":["GET"]}}],"collection":[{"href":"http:\/\/31.217.192.169\/~toimiva2\/wp-json\/wp\/v2\/pages"}],"about":[{"href":"http:\/\/31.217.192.169\/~toimiva2\/wp-json\/wp\/v2\/types\/page"}],"author":[{"embeddable":true,"href":"http:\/\/31.217.192.169\/~toimiva2\/wp-json\/wp\/v2\/users\/1"}],"replies":[{"embeddable":true,"href":"http:\/\/31.217.192.169\/~toimiva2\/wp-json\/wp\/v2\/comments?post=1324"}],"version-history":[{"count":11,"href":"http:\/\/31.217.192.169\/~toimiva2\/wp-json\/wp\/v2\/pages\/1324\/revisions"}],"predecessor-version":[{"id":1908,"href":"http:\/\/31.217.192.169\/~toimiva2\/wp-json\/wp\/v2\/pages\/1324\/revisions\/1908"}],"wp:attachment":[{"href":"http:\/\/31.217.192.169\/~toimiva2\/wp-json\/wp\/v2\/media?parent=1324"}],"curies":[{"name":"wp","href":"https:\/\/api.w.org\/{rel}","templated":true}]}}